{"id":8018,"date":"2023-02-01T18:30:23","date_gmt":"2023-02-01T21:30:23","guid":{"rendered":"https:\/\/teste.simples.vet\/?page_id=8018"},"modified":"2024-04-15T17:06:34","modified_gmt":"2024-04-15T20:06:34","slug":"politica-de-cookie","status":"publish","type":"page","link":"https:\/\/simples.vet\/cultura\/politica-de-cookie\/","title":{"rendered":"Pol\u00edtica de Cookie"},"content":{"rendered":"\t\t<div data-elementor-type=\"wp-page\" data-elementor-id=\"8018\" class=\"elementor elementor-8018\" data-elementor-post-type=\"page\">\n\t\t\t\t\t\t<section class=\"elementor-section elementor-top-section elementor-element elementor-element-bd3147d elementor-section-height-min-height elementor-hidden-mobile elementor-section-boxed elementor-section-height-default elementor-section-items-middle\" data-id=\"bd3147d\" data-element_type=\"section\" data-settings=\"{&quot;jet_parallax_layout_list&quot;:[],&quot;background_background&quot;:&quot;classic&quot;}\">\n\t\t\t\t\t\t<div class=\"elementor-container elementor-column-gap-default\">\n\t\t\t\t\t<div class=\"elementor-column elementor-col-33 elementor-top-column elementor-element elementor-element-7f6bf3f\" data-id=\"7f6bf3f\" data-element_type=\"column\">\n\t\t\t<div class=\"elementor-widget-wrap\">\n\t\t\t\t\t\t\t<\/div>\n\t\t<\/div>\n\t\t\t\t<div class=\"elementor-column elementor-col-33 elementor-top-column elementor-element elementor-element-9072491\" data-id=\"9072491\" data-element_type=\"column\">\n\t\t\t<div class=\"elementor-widget-wrap\">\n\t\t\t\t\t\t\t<\/div>\n\t\t<\/div>\n\t\t\t\t<div class=\"elementor-column elementor-col-33 elementor-top-column elementor-element elementor-element-6cac1d5\" data-id=\"6cac1d5\" data-element_type=\"column\" data-settings=\"{&quot;background_background&quot;:&quot;classic&quot;}\">\n\t\t\t<div class=\"elementor-widget-wrap elementor-element-populated\">\n\t\t\t\t\t\t<div class=\"elementor-element elementor-element-cbef71b elementor-widget elementor-widget-image\" data-id=\"cbef71b\" data-element_type=\"widget\" data-widget_type=\"image.default\">\n\t\t\t\t<div class=\"elementor-widget-container\">\n\t\t\t\t\t\t\t\t\t\t\t\t\t\t\t<img decoding=\"async\" width=\"195\" height=\"80\" src=\"https:\/\/wp-prod-images.simples.vet\/wp-content\/uploads\/2023\/01\/002.png\" class=\"attachment-large size-large wp-image-6852\" alt=\"\" \/>\t\t\t\t\t\t\t\t\t\t\t\t\t\t\t<\/div>\n\t\t\t\t<\/div>\n\t\t\t\t<div class=\"elementor-element elementor-element-8e9e905 elementor-widget elementor-widget-heading\" data-id=\"8e9e905\" data-element_type=\"widget\" data-widget_type=\"heading.default\">\n\t\t\t\t<div class=\"elementor-widget-container\">\n\t\t\t\t\t<h1 class=\"elementor-heading-title elementor-size-default\">Pol\u00edtica de Cookie<\/h1>\t\t\t\t<\/div>\n\t\t\t\t<\/div>\n\t\t\t\t<div class=\"elementor-element elementor-element-0d7f369 elementor-widget elementor-widget-text-editor\" data-id=\"0d7f369\" data-element_type=\"widget\" data-widget_type=\"text-editor.default\">\n\t\t\t\t<div class=\"elementor-widget-container\">\n\t\t\t\t\t\t\t\t\t<p>Aqui a transpar\u00eancia \u00e9 fundamental!<\/p>\t\t\t\t\t\t\t\t<\/div>\n\t\t\t\t<\/div>\n\t\t\t\t\t<\/div>\n\t\t<\/div>\n\t\t\t\t\t<\/div>\n\t\t<\/section>\n\t\t\t\t<section class=\"elementor-section elementor-top-section elementor-element elementor-element-5b79525 elementor-hidden-desktop elementor-hidden-tablet elementor-section-boxed elementor-section-height-default elementor-section-height-default\" data-id=\"5b79525\" data-element_type=\"section\" data-settings=\"{&quot;jet_parallax_layout_list&quot;:[]}\">\n\t\t\t\t\t\t<div class=\"elementor-container elementor-column-gap-default\">\n\t\t\t\t\t<div class=\"elementor-column elementor-col-100 elementor-top-column elementor-element elementor-element-210c9f5\" data-id=\"210c9f5\" data-element_type=\"column\">\n\t\t\t<div class=\"elementor-widget-wrap elementor-element-populated\">\n\t\t\t\t\t\t<div class=\"elementor-element elementor-element-06b8c4f elementor-widget elementor-widget-heading\" data-id=\"06b8c4f\" data-element_type=\"widget\" data-widget_type=\"heading.default\">\n\t\t\t\t<div class=\"elementor-widget-container\">\n\t\t\t\t\t<h2 class=\"elementor-heading-title elementor-size-default\">SimplesVet<\/h2>\t\t\t\t<\/div>\n\t\t\t\t<\/div>\n\t\t\t\t<div class=\"elementor-element elementor-element-a49af10 elementor-widget elementor-widget-heading\" data-id=\"a49af10\" data-element_type=\"widget\" data-widget_type=\"heading.default\">\n\t\t\t\t<div class=\"elementor-widget-container\">\n\t\t\t\t\t<h2 class=\"elementor-heading-title elementor-size-default\">Pol\u00edtica de Cookie<\/h2>\t\t\t\t<\/div>\n\t\t\t\t<\/div>\n\t\t\t\t<div class=\"elementor-element elementor-element-f391c6a elementor-widget elementor-widget-text-editor\" data-id=\"f391c6a\" data-element_type=\"widget\" data-widget_type=\"text-editor.default\">\n\t\t\t\t<div class=\"elementor-widget-container\">\n\t\t\t\t\t\t\t\t\t<p>Aqui a transpar\u00eancia \u00e9 fundamental!<\/p>\t\t\t\t\t\t\t\t<\/div>\n\t\t\t\t<\/div>\n\t\t\t\t\t<\/div>\n\t\t<\/div>\n\t\t\t\t\t<\/div>\n\t\t<\/section>\n\t\t\t\t<section class=\"elementor-section elementor-top-section elementor-element elementor-element-9e98044 elementor-section-height-min-height elementor-hidden-desktop elementor-hidden-tablet elementor-section-boxed elementor-section-height-default elementor-section-items-middle\" data-id=\"9e98044\" data-element_type=\"section\" data-settings=\"{&quot;background_background&quot;:&quot;classic&quot;,&quot;background_motion_fx_motion_fx_scrolling&quot;:&quot;yes&quot;,&quot;background_motion_fx_translateY_effect&quot;:&quot;yes&quot;,&quot;background_motion_fx_translateY_direction&quot;:&quot;negative&quot;,&quot;background_motion_fx_translateY_speed&quot;:{&quot;unit&quot;:&quot;px&quot;,&quot;size&quot;:6,&quot;sizes&quot;:[]},&quot;jet_parallax_layout_list&quot;:[],&quot;background_motion_fx_translateY_affectedRange&quot;:{&quot;unit&quot;:&quot;%&quot;,&quot;size&quot;:&quot;&quot;,&quot;sizes&quot;:{&quot;start&quot;:0,&quot;end&quot;:100}},&quot;background_motion_fx_devices&quot;:[&quot;desktop&quot;,&quot;tablet&quot;,&quot;mobile&quot;]}\">\n\t\t\t\t\t\t<div class=\"elementor-container elementor-column-gap-default\">\n\t\t\t\t\t<div class=\"elementor-column elementor-col-100 elementor-top-column elementor-element elementor-element-f72fd9c\" data-id=\"f72fd9c\" data-element_type=\"column\">\n\t\t\t<div class=\"elementor-widget-wrap\">\n\t\t\t\t\t\t\t<\/div>\n\t\t<\/div>\n\t\t\t\t\t<\/div>\n\t\t<\/section>\n\t\t\t\t<section class=\"elementor-section elementor-top-section elementor-element elementor-element-ebf5a41 elementor-section-boxed elementor-section-height-default elementor-section-height-default\" data-id=\"ebf5a41\" data-element_type=\"section\" data-settings=\"{&quot;jet_parallax_layout_list&quot;:[]}\">\n\t\t\t\t\t\t<div class=\"elementor-container elementor-column-gap-default\">\n\t\t\t\t\t<div class=\"elementor-column elementor-col-100 elementor-top-column elementor-element elementor-element-aa23ae7\" data-id=\"aa23ae7\" data-element_type=\"column\">\n\t\t\t<div class=\"elementor-widget-wrap elementor-element-populated\">\n\t\t\t\t\t\t<div class=\"elementor-element elementor-element-dc5cf0b elementor-widget elementor-widget-heading\" data-id=\"dc5cf0b\" data-element_type=\"widget\" data-widget_type=\"heading.default\">\n\t\t\t\t<div class=\"elementor-widget-container\">\n\t\t\t\t\t<h2 class=\"elementor-heading-title elementor-size-default\">Perguntas frequentes<\/h2>\t\t\t\t<\/div>\n\t\t\t\t<\/div>\n\t\t\t\t<div class=\"elementor-element elementor-element-2263a5a elementor-widget elementor-widget-heading\" data-id=\"2263a5a\" data-element_type=\"widget\" data-widget_type=\"heading.default\">\n\t\t\t\t<div class=\"elementor-widget-container\">\n\t\t\t\t\t<h3 class=\"elementor-heading-title elementor-size-default\">Transpar\u00eancia faz parte da cultura SimplesVet. Por isso, preparamos este aviso para informar de forma clara e objetiva como e em que momentos utilizamos cookies em nossos sites, portais e plataformas.<\/h3>\t\t\t\t<\/div>\n\t\t\t\t<\/div>\n\t\t\t\t\t<\/div>\n\t\t<\/div>\n\t\t\t\t\t<\/div>\n\t\t<\/section>\n\t\t\t\t<section class=\"elementor-section elementor-top-section elementor-element elementor-element-314c9c5 elementor-section-boxed elementor-section-height-default elementor-section-height-default\" data-id=\"314c9c5\" data-element_type=\"section\" data-settings=\"{&quot;jet_parallax_layout_list&quot;:[]}\">\n\t\t\t\t\t\t<div class=\"elementor-container elementor-column-gap-default\">\n\t\t\t\t\t<div class=\"elementor-column elementor-col-100 elementor-top-column elementor-element elementor-element-aca5ed4\" data-id=\"aca5ed4\" data-element_type=\"column\">\n\t\t\t<div class=\"elementor-widget-wrap elementor-element-populated\">\n\t\t\t\t\t\t<div class=\"elementor-element elementor-element-54ebf39 elementor-widget elementor-widget-heading\" data-id=\"54ebf39\" data-element_type=\"widget\" data-widget_type=\"heading.default\">\n\t\t\t\t<div class=\"elementor-widget-container\">\n\t\t\t\t\t<h3 class=\"elementor-heading-title elementor-size-default\">O que s\u00e3o cookies?<\/h3>\t\t\t\t<\/div>\n\t\t\t\t<\/div>\n\t\t\t\t<div class=\"elementor-element elementor-element-faf6f00 elementor-widget elementor-widget-text-editor\" data-id=\"faf6f00\" data-element_type=\"widget\" data-widget_type=\"text-editor.default\">\n\t\t\t\t<div class=\"elementor-widget-container\">\n\t\t\t\t\t\t\t\t\t<p>S\u00e3o pequenos arquivos que ficam armazenados nos navegadores ap\u00f3s o usu\u00e1rio acessar um site. Atrav\u00e9s deles \u00e9 poss\u00edvel identificar o dispositivo de acesso utilizado. Os cookies possibilitam o reconhecimento do dispositivo e tornam poss\u00edveis diversas atividades durante a navega\u00e7\u00e3o pelo site, melhorando a experi\u00eancia do usu\u00e1rio.<\/p>\t\t\t\t\t\t\t\t<\/div>\n\t\t\t\t<\/div>\n\t\t\t\t<div class=\"elementor-element elementor-element-48833dc elementor-widget elementor-widget-heading\" data-id=\"48833dc\" data-element_type=\"widget\" data-widget_type=\"heading.default\">\n\t\t\t\t<div class=\"elementor-widget-container\">\n\t\t\t\t\t<h3 class=\"elementor-heading-title elementor-size-default\">Por qual motivo a SimplesVet utiliza cookies?<\/h3>\t\t\t\t<\/div>\n\t\t\t\t<\/div>\n\t\t\t\t<div class=\"elementor-element elementor-element-5a4ea94 elementor-widget elementor-widget-text-editor\" data-id=\"5a4ea94\" data-element_type=\"widget\" data-widget_type=\"text-editor.default\">\n\t\t\t\t<div class=\"elementor-widget-container\">\n\t\t\t\t\t\t\t\t\t<p>Utilizamos cookies para diversas fun\u00e7\u00f5es, dentre as quais, possibilitar e facilitar a utiliza\u00e7\u00e3o da nossa plataforma pelos usu\u00e1rios, diminuir a ocorr\u00eancia de falhas durante o acesso \u00e0s mesmas, possibilitar uma navega\u00e7\u00e3o personalizada pelos usu\u00e1rios, segmentar a publicidade que exibimos e analisar de forma estat\u00edstica as prefer\u00eancias dos usu\u00e1rios.<\/p>\t\t\t\t\t\t\t\t<\/div>\n\t\t\t\t<\/div>\n\t\t\t\t<div class=\"elementor-element elementor-element-4964a19 elementor-widget elementor-widget-heading\" data-id=\"4964a19\" data-element_type=\"widget\" data-widget_type=\"heading.default\">\n\t\t\t\t<div class=\"elementor-widget-container\">\n\t\t\t\t\t<h3 class=\"elementor-heading-title elementor-size-default\">Quando os cookies s\u00e3o coletados e utilizados pela SimplesVet?<\/h3>\t\t\t\t<\/div>\n\t\t\t\t<\/div>\n\t\t\t\t<div class=\"elementor-element elementor-element-ab613e4 elementor-widget elementor-widget-text-editor\" data-id=\"ab613e4\" data-element_type=\"widget\" data-widget_type=\"text-editor.default\">\n\t\t\t\t<div class=\"elementor-widget-container\">\n\t\t\t\t\t\t\t\t\t<p>A coleta e utiliza\u00e7\u00e3o de cookies ocorrer\u00e1 durante a navega\u00e7\u00e3o em nossas plataformas, conforme suas prefer\u00eancias.<\/p>\t\t\t\t\t\t\t\t<\/div>\n\t\t\t\t<\/div>\n\t\t\t\t<div class=\"elementor-element elementor-element-cd46a81 elementor-widget elementor-widget-heading\" data-id=\"cd46a81\" data-element_type=\"widget\" data-widget_type=\"heading.default\">\n\t\t\t\t<div class=\"elementor-widget-container\">\n\t\t\t\t\t<h3 class=\"elementor-heading-title elementor-size-default\">Quais cookies s\u00e3o coletados e utilizados pela SimplesVet?<\/h3>\t\t\t\t<\/div>\n\t\t\t\t<\/div>\n\t\t\t\t<div class=\"elementor-element elementor-element-ce3e70f elementor-widget elementor-widget-text-editor\" data-id=\"ce3e70f\" data-element_type=\"widget\" data-widget_type=\"text-editor.default\">\n\t\t\t\t<div class=\"elementor-widget-container\">\n\t\t\t\t\t\t\t\t\t<p>Classificamos, de acordo com o uso, os cookies em: essenciais, desempenho, funcionalidade, publicidade, estat\u00edstica e an\u00e1lise e personaliza\u00e7\u00e3o. Vejam as caracter\u00edsticas de cada um desses tipos de cookies:<\/p>\t\t\t\t\t\t\t\t<\/div>\n\t\t\t\t<\/div>\n\t\t\t\t<div class=\"elementor-element elementor-element-85ded5f top-icon elementor-icon-list--layout-traditional elementor-list-item-link-full_width elementor-widget elementor-widget-icon-list\" data-id=\"85ded5f\" data-element_type=\"widget\" data-widget_type=\"icon-list.default\">\n\t\t\t\t<div class=\"elementor-widget-container\">\n\t\t\t\t\t\t\t<ul class=\"elementor-icon-list-items\">\n\t\t\t\t\t\t\t<li class=\"elementor-icon-list-item\">\n\t\t\t\t\t\t\t\t\t\t\t<span class=\"elementor-icon-list-icon\">\n\t\t\t\t\t\t\t\t\t\t\t\t\t<\/span>\n\t\t\t\t\t\t\t\t\t\t<span class=\"elementor-icon-list-text\"><b>Essenciais<\/b> <\/p><p>S\u00e3o cookies necess\u00e1rios para o correto funcionamento da nossa plataforma, respons\u00e1veis, por exemplo, pela manuten\u00e7\u00e3o de sess\u00f5es ativas ou a defini\u00e7\u00e3o de op\u00e7\u00f5es de configura\u00e7\u00e3o. Esses cookies n\u00e3o identificam os usu\u00e1rios, e caso o usu\u00e1rio opte por bloque\u00e1-los diretamente no navegador, nossa plataforma poder\u00e1 ficar indispon\u00edvel a este usu\u00e1rio.<\/span>\n\t\t\t\t\t\t\t\t\t<\/li>\n\t\t\t\t\t\t\t\t<li class=\"elementor-icon-list-item\">\n\t\t\t\t\t\t\t\t\t\t\t<span class=\"elementor-icon-list-icon\">\n\t\t\t\t\t\t\t\t\t\t\t\t\t<\/span>\n\t\t\t\t\t\t\t\t\t\t<span class=\"elementor-icon-list-text\"><b>Desempenho<\/b> <\/p><p>  Esse tipo de cookie permite que a SimplesVet compreenda como o usu\u00e1rio interage com as nossas plataformas. S\u00e3o realizadas coletas de dados de performance, tais como n\u00famero de visitas, \u00e1reas acessadas, dura\u00e7\u00e3o de acessos e mensagens de erro. Os cookies de performance s\u00e3o coletados e tratados de forma an\u00f4nima e caso o usu\u00e1rio os desative, nossa plataforma poder\u00e1 ficar indispon\u00edvel a este usu\u00e1rio.<\/span>\n\t\t\t\t\t\t\t\t\t<\/li>\n\t\t\t\t\t\t\t\t<li class=\"elementor-icon-list-item\">\n\t\t\t\t\t\t\t\t\t\t\t<span class=\"elementor-icon-list-icon\">\n\t\t\t\t\t\t\t\t\t\t\t\t\t<\/span>\n\t\t\t\t\t\t\t\t\t\t<span class=\"elementor-icon-list-text\"><b>Funcionalidade<\/b> <\/p><p>  S\u00e3o cookies que permitem funcionalidades de personaliza\u00e7\u00e3o para os usu\u00e1rios da Plataforma, guardando e fornecendo escolhas de navega\u00e7\u00e3o, tais como idioma, regi\u00e3o, login. Por envolver as op\u00e7\u00f5es e prefer\u00eancias do usu\u00e1rio, esses cookies podem, dependendo da circunst\u00e2ncia, ajudar a identific\u00e1-lo. Caso sejam desativados, algumas op\u00e7\u00f5es da plataforma podem ficar indispon\u00edveis.<\/span>\n\t\t\t\t\t\t\t\t\t<\/li>\n\t\t\t\t\t\t\t\t<li class=\"elementor-icon-list-item\">\n\t\t\t\t\t\t\t\t\t\t\t<span class=\"elementor-icon-list-icon\">\n\t\t\t\t\t\t\t\t\t\t\t\t\t<\/span>\n\t\t\t\t\t\t\t\t\t\t<span class=\"elementor-icon-list-text\"><b>An\u00e1lise de personaliza\u00e7\u00e3o<\/b> <\/p><p> Esses cookies nos ajudam a entender como nossa Plataforma est\u00e1 sendo utilizada ou qu\u00e3o eficaz s\u00e3o nossas campanhas de marketing, eles possuem a capacidade de direcionar o conte\u00fado de marketing da nossa Plataforma de acordo com o perfil de acesso de cada usu\u00e1rio, por meio da coleta de alguns dados pessoais dos usu\u00e1rios. <\/p><p>  Gra\u00e7as a essas informa\u00e7\u00f5es, podemos melhorar os recursos oferecidos em nossa plataforma. Caso o usu\u00e1rio desative os cookies, n\u00e3o ser\u00e1 poss\u00edvel proporcionar conte\u00fados com base nos seus interesses.<\/p><p>  Os tipos de cookies vistos acima, podem ainda ser classificados quanto \u00e0 dura\u00e7\u00e3o de armazenamento e quanto a quem os administra: <\/p><p> <ol><li>Os cookies n\u00e3o-persistentes s\u00e3o utilizados apenas enquanto o usu\u00e1rio navega em nosso site. Os navegadores os apagam logo ap\u00f3s voc\u00ea fechar o nosso site. J\u00e1 os cookies persistentes permanecem no navegador por maior per\u00edodo, sendo mantidos mesmo ap\u00f3s o t\u00e9rmino da navega\u00e7\u00e3o em nosso site.<\/li> <\/p><p> <li>Utilizamos em nosso site tanto cookies persistentes quanto n\u00e3o-persistentes.<\/li> <\/p><p> <li>Possu\u00edmos cookies pr\u00f3prios, emitidos pela SimplesVet e cookies de terceiros, que s\u00e3o administrados por empresas parceiras, ambos os tipos est\u00e3o indicados na lista de cookies.<\/li><\/ol> <\/p><p>Veja todos os cookies que utilizamos, acessando o nosso Portal de Prefer\u00eancias de Cookies no rodap\u00e9 do nosso site.<\/span>\n\t\t\t\t\t\t\t\t\t<\/li>\n\t\t\t\t\t\t<\/ul>\n\t\t\t\t\t\t<\/div>\n\t\t\t\t<\/div>\n\t\t\t\t<div class=\"elementor-element elementor-element-dd1cb4a elementor-widget elementor-widget-heading\" data-id=\"dd1cb4a\" data-element_type=\"widget\" data-widget_type=\"heading.default\">\n\t\t\t\t<div class=\"elementor-widget-container\">\n\t\t\t\t\t<h3 class=\"elementor-heading-title elementor-size-default\">N\u00e3o quero permitir a coleta de cookies, o que posso fazer?\n<\/h3>\t\t\t\t<\/div>\n\t\t\t\t<\/div>\n\t\t\t\t<div class=\"elementor-element elementor-element-6757df5 elementor-widget elementor-widget-text-editor\" data-id=\"6757df5\" data-element_type=\"widget\" data-widget_type=\"text-editor.default\">\n\t\t\t\t<div class=\"elementor-widget-container\">\n\t\t\t\t\t\t\t\t\t<p>O usu\u00e1rio da Plataforma poder\u00e1 desativar alguns dos cookies, atrav\u00e9s do Painel de Prefer\u00eancias de Cookies ou pode realizar a configura\u00e7\u00e3o do seu navegador, podendo:<\/p><p>ativar o modo de navega\u00e7\u00e3o sigilosa, dispon\u00edvel na maior parte dos navegadores, o qual permite que nenhum cookie permane\u00e7a no dispositivo do usu\u00e1rio ap\u00f3s fechar a janela do navegador; ou<\/p><p>configurar o bloqueio de cookies, nos limites e conforme instru\u00e7\u00f5es do navegador do usu\u00e1rio.<\/p><p>Os navegadores tamb\u00e9m permitem que o usu\u00e1rio exclua os cookies que j\u00e1 estejam armazenados em seu computador. Ressaltamos que, caso o usu\u00e1rio opte por n\u00e3o permitir a utiliza\u00e7\u00e3o de cookies, nossa Plataforma poder\u00e1 n\u00e3o funcionar corretamente, e as suas funcionalidades tamb\u00e9m poder\u00e3o tornar-se parcial ou totalmente indispon\u00edveis.<\/p>\t\t\t\t\t\t\t\t<\/div>\n\t\t\t\t<\/div>\n\t\t\t\t<div class=\"elementor-element elementor-element-f43bef0 elementor-widget elementor-widget-text-editor\" data-id=\"f43bef0\" data-element_type=\"widget\" data-widget_type=\"text-editor.default\">\n\t\t\t\t<div class=\"elementor-widget-container\">\n\t\t\t\t\t\t\t\t\t<p>\u00daltima atualiza\u00e7\u00e3o em 27 de Agosto de 2021.<\/p>\t\t\t\t\t\t\t\t<\/div>\n\t\t\t\t<\/div>\n\t\t\t\t\t<\/div>\n\t\t<\/div>\n\t\t\t\t\t<\/div>\n\t\t<\/section>\n\t\t\t\t<section class=\"elementor-section elementor-top-section elementor-element elementor-element-b7cdb5e elementor-section-boxed elementor-section-height-default elementor-section-height-default\" data-id=\"b7cdb5e\" data-element_type=\"section\" data-settings=\"{&quot;jet_parallax_layout_list&quot;:[]}\">\n\t\t\t\t\t\t<div class=\"elementor-container elementor-column-gap-default\">\n\t\t\t\t\t<div class=\"elementor-column elementor-col-100 elementor-top-column elementor-element elementor-element-b34d796\" data-id=\"b34d796\" data-element_type=\"column\">\n\t\t\t<div class=\"elementor-widget-wrap elementor-element-populated\">\n\t\t\t\t\t\t<section class=\"elementor-section elementor-inner-section elementor-element elementor-element-638d6ec elementor-section-content-middle elementor-section-boxed elementor-section-height-default elementor-section-height-default\" data-id=\"638d6ec\" data-element_type=\"section\" data-settings=\"{&quot;jet_parallax_layout_list&quot;:[],&quot;background_background&quot;:&quot;classic&quot;}\">\n\t\t\t\t\t\t<div class=\"elementor-container elementor-column-gap-default\">\n\t\t\t\t\t<div class=\"elementor-column elementor-col-50 elementor-inner-column elementor-element elementor-element-8afdf2b\" data-id=\"8afdf2b\" data-element_type=\"column\">\n\t\t\t<div class=\"elementor-widget-wrap elementor-element-populated\">\n\t\t\t\t\t\t<div class=\"elementor-element elementor-element-002443d elementor-widget elementor-widget-heading\" data-id=\"002443d\" data-element_type=\"widget\" data-widget_type=\"heading.default\">\n\t\t\t\t<div class=\"elementor-widget-container\">\n\t\t\t\t\t<h2 class=\"elementor-heading-title elementor-size-default\">Junte-se aos milhares de gestores e veterin\u00e1rios que usam o SimplesVet<\/h2>\t\t\t\t<\/div>\n\t\t\t\t<\/div>\n\t\t\t\t\t<\/div>\n\t\t<\/div>\n\t\t\t\t<div class=\"elementor-column elementor-col-50 elementor-inner-column elementor-element elementor-element-dec498a\" data-id=\"dec498a\" data-element_type=\"column\">\n\t\t\t<div class=\"elementor-widget-wrap elementor-element-populated\">\n\t\t\t\t\t\t<div class=\"elementor-element elementor-element-2dc56fe elementor-align-right elementor-mobile-align-justify elementor-widget elementor-widget-button\" data-id=\"2dc56fe\" data-element_type=\"widget\" data-widget_type=\"button.default\">\n\t\t\t\t<div class=\"elementor-widget-container\">\n\t\t\t\t\t\t\t\t\t<div class=\"elementor-button-wrapper\">\n\t\t\t\t\t<a class=\"elementor-button elementor-button-link elementor-size-sm\" href=\"https:\/\/simples.vet\/cultura\/experimente\/?utm_campaign=politica-de-cookie&#038;utm_medium=cta&#038;utm_source=site\" target=\"_blank\">\n\t\t\t\t\t\t<span class=\"elementor-button-content-wrapper\">\n\t\t\t\t\t\t\t\t\t<span class=\"elementor-button-text\">Experimente Gr\u00e1tis<\/span>\n\t\t\t\t\t<\/span>\n\t\t\t\t\t<\/a>\n\t\t\t\t<\/div>\n\t\t\t\t\t\t\t\t<\/div>\n\t\t\t\t<\/div>\n\t\t\t\t\t<\/div>\n\t\t<\/div>\n\t\t\t\t\t<\/div>\n\t\t<\/section>\n\t\t\t\t\t<\/div>\n\t\t<\/div>\n\t\t\t\t\t<\/div>\n\t\t<\/section>\n\t\t\t\t<\/div>\n\t\t","protected":false},"excerpt":{"rendered":"<p>Pol\u00edtica de Cookie Aqui a transpar\u00eancia \u00e9 fundamental! SimplesVet Pol\u00edtica de Cookie Aqui a transpar\u00eancia \u00e9 fundamental! Perguntas frequentes Transpar\u00eancia faz parte da cultura SimplesVet. Por isso, preparamos este aviso para informar de forma clara e objetiva como e em que momentos utilizamos cookies em nossos sites, portais e plataformas. O que s\u00e3o cookies? S\u00e3o [&hellip;]<\/p>\n","protected":false},"author":2,"featured_media":0,"parent":0,"menu_order":0,"comment_status":"closed","ping_status":"closed","template":"elementor_header_footer","meta":{"_acf_changed":false,"footnotes":""},"class_list":["post-8018","page","type-page","status-publish","hentry"],"acf":[],"_links":{"self":[{"href":"https:\/\/simples.vet\/cultura\/wp-json\/wp\/v2\/pages\/8018","targetHints":{"allow":["GET"]}}],"collection":[{"href":"https:\/\/simples.vet\/cultura\/wp-json\/wp\/v2\/pages"}],"about":[{"href":"https:\/\/simples.vet\/cultura\/wp-json\/wp\/v2\/types\/page"}],"author":[{"embeddable":true,"href":"https:\/\/simples.vet\/cultura\/wp-json\/wp\/v2\/users\/2"}],"replies":[{"embeddable":true,"href":"https:\/\/simples.vet\/cultura\/wp-json\/wp\/v2\/comments?post=8018"}],"version-history":[{"count":50,"href":"https:\/\/simples.vet\/cultura\/wp-json\/wp\/v2\/pages\/8018\/revisions"}],"predecessor-version":[{"id":21390,"href":"https:\/\/simples.vet\/cultura\/wp-json\/wp\/v2\/pages\/8018\/revisions\/21390"}],"wp:attachment":[{"href":"https:\/\/simples.vet\/cultura\/wp-json\/wp\/v2\/media?parent=8018"}],"curies":[{"name":"wp","href":"https:\/\/api.w.org\/{rel}","templated":true}]}}